{"id":416,"date":"2020-12-18T00:31:56","date_gmt":"2020-12-18T00:31:56","guid":{"rendered":"http:\/\/www.baunegaardsvej.net\/wp\/?page_id=416"},"modified":"2020-12-18T22:05:36","modified_gmt":"2020-12-18T22:05:36","slug":"dokumenter","status":"publish","type":"page","link":"https:\/\/www.baunegaardsvej.net\/wp\/?page_id=416","title":{"rendered":"Dokumenter"},"content":{"rendered":"\n<figure class=\"wp-block-image size-large\"><img loading=\"lazy\" decoding=\"async\" width=\"1024\" height=\"683\" src=\"http:\/\/www.baunegaardsvej.net\/wp\/wp-content\/uploads\/2020\/12\/dokumenter-1024x683.jpg\" alt=\"\" class=\"wp-image-488\" srcset=\"https:\/\/www.baunegaardsvej.net\/wp\/wp-content\/uploads\/2020\/12\/dokumenter-1024x683.jpg 1024w, https:\/\/www.baunegaardsvej.net\/wp\/wp-content\/uploads\/2020\/12\/dokumenter-300x200.jpg 300w, https:\/\/www.baunegaardsvej.net\/wp\/wp-content\/uploads\/2020\/12\/dokumenter-768x512.jpg 768w, https:\/\/www.baunegaardsvej.net\/wp\/wp-content\/uploads\/2020\/12\/dokumenter-1536x1024.jpg 1536w, https:\/\/www.baunegaardsvej.net\/wp\/wp-content\/uploads\/2020\/12\/dokumenter-2048x1365.jpg 2048w, https:\/\/www.baunegaardsvej.net\/wp\/wp-content\/uploads\/2020\/12\/dokumenter-700x467.jpg 700w, https:\/\/www.baunegaardsvej.net\/wp\/wp-content\/uploads\/2020\/12\/dokumenter-520x347.jpg 520w, https:\/\/www.baunegaardsvej.net\/wp\/wp-content\/uploads\/2020\/12\/dokumenter-360x240.jpg 360w, https:\/\/www.baunegaardsvej.net\/wp\/wp-content\/uploads\/2020\/12\/dokumenter-250x167.jpg 250w, https:\/\/www.baunegaardsvej.net\/wp\/wp-content\/uploads\/2020\/12\/dokumenter-100x67.jpg 100w\" sizes=\"(max-width: 1024px) 100vw, 1024px\" \/><\/figure>\n\n\n\n<p>Her er en r\u00e6kke dokumenter om vores omr\u00e5de samlet ind i tidens l\u00f8b af omr\u00e5dets tidligere og nuv\u00e6rende beboere: <\/p>\n\n\n\n<div class=\"dowload-from-files-block\"><!-- [download-from-files target=\"dokumenter\/dokumenter\" 0=\"\u2039folders=\"0|1\"\u203a\" 1=\"\u2039accept=\"\"\u203a\" 2=\"\u2039sort_folders=\"\"\u203a\" 3=\"\u2039sort_files=\"\"\u203a\" 4=\"\u2039hide_direct_url=\"\"\u203a\" 5=\"\u2039template=\"my_template\"\u203a\"] -->\r\n<ul id=\"download_from_files_X1PX184OFE\" class=\"download-from-files\" data-token=\"X1PX184OFE\" data-options=\"eyJ0ZW1wbGF0ZSI6ImRlZmF1bHQiLCJmb2xkZXJzIjoxLCJhY2NlcHQiOiJkb2MsZG9jeCxvZHQscGRmLHBwdCxwcHR4LHhscyx4bHN4LG9kcyx6aXAiLCJzb3J0X2ZvbGRlcnMiOiJzZXQiLCJzb3J0X2ZpbGVzIjoic2V0IiwiaGlkZV9kaXJlY3RfdXJsIjowLCJ0YXJnZXQiOiJkb2t1bWVudGVyXC9kb2t1bWVudGVyIiwiZW1wdHlfdGV4dCI6IkRlbm5lIGZvbGRlciBlciB0b20uIiwicmVuYW1lIjoiMSIsIjAiOiJcdTIwMzlmb2xkZXJzPVwiMHwxXCJcdTIwM2EiLCIxIjoiXHUyMDM5YWNjZXB0PVwiXCJcdTIwM2EiLCIyIjoiXHUyMDM5c29ydF9mb2xkZXJzPVwiXCJcdTIwM2EiLCIzIjoiXHUyMDM5c29ydF9maWxlcz1cIlwiXHUyMDNhIiwiNCI6Ilx1MjAzOWhpZGVfZGlyZWN0X3VybD1cIlwiXHUyMDNhIiwiNSI6Ilx1MjAzOXRlbXBsYXRlPVwibXlfdGVtcGxhdGVcIlx1MjAzYSIsInRva2VuIjoiWDFQWDE4NE9GRSIsInNob3dfZm9sZGVycyI6MX0=\">\r\n    \r\n    <li>\r\n    <h5 class=\"download-from-files-folder-title\"><span class=\"dashicons dashicons-arrow-down-alt2\"><\/span>&nbsp;vedtaegter&nbsp;<small>[2]<\/small><\/h5>\r\n    <div class=\"folder-content\">\r\n        <ul class=\"download-from-files-folder \">\r\n            \r\n            \r\n            <li>\r\n    <a href=\"https:\/\/www.baunegaardsvej.net\/wp\/dokumenter\/dokumenter\/vedtaegter\/Vedt\u00e6gter (historiske).doc\"  target=\"_blank\" title=\"Vedt\u00e6gter (historiske).doc download\" >\r\n        <img decoding=\"async\" class=\"download-from-files-icon\" src=\"https:\/\/www.baunegaardsvej.net\/wp\/wp-content\/plugins\/download-from-files\/assets\/images\/doc.png\" \/>\r\n        Vedt\u00e6gter (historiske).doc\r\n    <\/a> \r\n    <small>(doc, 26KB)<\/small>\r\n<\/li>\r\n<li>\r\n    <a href=\"https:\/\/www.baunegaardsvej.net\/wp\/dokumenter\/dokumenter\/vedtaegter\/Vedt\u00e6gter 2021.docx\"  target=\"_blank\" title=\"Vedt\u00e6gter 2021.docx download\" >\r\n        <img decoding=\"async\" class=\"download-from-files-icon\" src=\"https:\/\/www.baunegaardsvej.net\/wp\/wp-content\/plugins\/download-from-files\/assets\/images\/doc.png\" \/>\r\n        Vedt\u00e6gter 2021.docx\r\n    <\/a> \r\n    <small>(docx, 16KB)<\/small>\r\n<\/li>\r\n\r\n            \r\n        <\/ul>\r\n    <\/div>\r\n<\/li><li>\r\n    <h5 class=\"download-from-files-folder-title\"><span class=\"dashicons dashicons-arrow-down-alt2\"><\/span>&nbsp;nabohjaelp&nbsp;<small>[9]<\/small><\/h5>\r\n    <div class=\"folder-content\">\r\n        <ul class=\"download-from-files-folder \">\r\n            \r\n            \r\n            <li>\r\n    <a href=\"https:\/\/www.baunegaardsvej.net\/wp\/dokumenter\/dokumenter\/nabohjaelp\/Grundejerforeninger_vejledning.doc\"  target=\"_blank\" title=\"Grundejerforeninger_vejledning.doc download\" >\r\n        <img decoding=\"async\" class=\"download-from-files-icon\" src=\"https:\/\/www.baunegaardsvej.net\/wp\/wp-content\/plugins\/download-from-files\/assets\/images\/doc.png\" \/>\r\n        Grundejerforeninger_vejledning.doc\r\n    <\/a> \r\n    <small>(doc, 30KB)<\/small>\r\n<\/li>\r\n<li>\r\n    <a href=\"https:\/\/www.baunegaardsvej.net\/wp\/dokumenter\/dokumenter\/nabohjaelp\/Indhold_moede_1.doc\"  target=\"_blank\" title=\"Indhold_moede_1.doc download\" >\r\n        <img decoding=\"async\" class=\"download-from-files-icon\" src=\"https:\/\/www.baunegaardsvej.net\/wp\/wp-content\/plugins\/download-from-files\/assets\/images\/doc.png\" \/>\r\n        Indhold_moede_1.doc\r\n    <\/a> \r\n    <small>(doc, 22KB)<\/small>\r\n<\/li>\r\n<li>\r\n    <a href=\"https:\/\/www.baunegaardsvej.net\/wp\/dokumenter\/dokumenter\/nabohjaelp\/Indkaldelse_grundejerforeningsmedlemmer_1.doc\"  target=\"_blank\" title=\"Indkaldelse_grundejerforeningsmedlemmer_1.doc download\" >\r\n        <img decoding=\"async\" class=\"download-from-files-icon\" src=\"https:\/\/www.baunegaardsvej.net\/wp\/wp-content\/plugins\/download-from-files\/assets\/images\/doc.png\" \/>\r\n        Indkaldelse_grundejerforeningsmedlemmer_1.doc\r\n    <\/a> \r\n    <small>(doc, 24KB)<\/small>\r\n<\/li>\r\n<li>\r\n    <a href=\"https:\/\/www.baunegaardsvej.net\/wp\/dokumenter\/dokumenter\/nabohjaelp\/Nabohjaelp_forkortet.ppt\"  target=\"_blank\" title=\"Nabohjaelp_forkortet.ppt download\" >\r\n        <img decoding=\"async\" class=\"download-from-files-icon\" src=\"https:\/\/www.baunegaardsvej.net\/wp\/wp-content\/plugins\/download-from-files\/assets\/images\/ppt.png\" \/>\r\n        Nabohjaelp_forkortet.ppt\r\n    <\/a> \r\n    <small>(ppt, 2MB)<\/small>\r\n<\/li>\r\n<li>\r\n    <a href=\"https:\/\/www.baunegaardsvej.net\/wp\/dokumenter\/dokumenter\/nabohjaelp\/PowerPoint_konferencer_grundejerforeninger.ppt\"  target=\"_blank\" title=\"PowerPoint_konferencer_grundejerforeninger.ppt download\" >\r\n        <img decoding=\"async\" class=\"download-from-files-icon\" src=\"https:\/\/www.baunegaardsvej.net\/wp\/wp-content\/plugins\/download-from-files\/assets\/images\/ppt.png\" \/>\r\n        PowerPoint_konferencer_grundejerforeninger.ppt\r\n    <\/a> \r\n    <small>(ppt, 3MB)<\/small>\r\n<\/li>\r\n<li>\r\n    <a href=\"https:\/\/www.baunegaardsvej.net\/wp\/dokumenter\/dokumenter\/nabohjaelp\/Sikkerhedscheck_indbrud_A3_Layout 3.pdf\"  target=\"_blank\" title=\"Sikkerhedscheck_indbrud_A3_Layout 3.pdf download\" >\r\n        <img decoding=\"async\" class=\"download-from-files-icon\" src=\"https:\/\/www.baunegaardsvej.net\/wp\/wp-content\/plugins\/download-from-files\/assets\/images\/pdf.png\" \/>\r\n        Sikkerhedscheck_indbrud_A3_Layout 3.pdf\r\n    <\/a> \r\n    <small>(pdf, 8MB)<\/small>\r\n<\/li>\r\n<li>\r\n    <a href=\"https:\/\/www.baunegaardsvej.net\/wp\/dokumenter\/dokumenter\/nabohjaelp\/Trygheds- og indbrudsprojekt - forside.docx\"  target=\"_blank\" title=\"Trygheds- og indbrudsprojekt - forside.docx download\" >\r\n        <img decoding=\"async\" class=\"download-from-files-icon\" src=\"https:\/\/www.baunegaardsvej.net\/wp\/wp-content\/plugins\/download-from-files\/assets\/images\/doc.png\" \/>\r\n        Trygheds- og indbrudsprojekt - forside.docx\r\n    <\/a> \r\n    <small>(docx, 80KB)<\/small>\r\n<\/li>\r\n<li>\r\n    <a href=\"https:\/\/www.baunegaardsvej.net\/wp\/dokumenter\/dokumenter\/nabohjaelp\/Tryghedsvandring_folder_print.pdf\"  target=\"_blank\" title=\"Tryghedsvandring_folder_print.pdf download\" >\r\n        <img decoding=\"async\" class=\"download-from-files-icon\" src=\"https:\/\/www.baunegaardsvej.net\/wp\/wp-content\/plugins\/download-from-files\/assets\/images\/pdf.png\" \/>\r\n        Tryghedsvandring_folder_print.pdf\r\n    <\/a> \r\n    <small>(pdf, 404KB)<\/small>\r\n<\/li>\r\n<li>\r\n    <a href=\"https:\/\/www.baunegaardsvej.net\/wp\/dokumenter\/dokumenter\/nabohjaelp\/Tryghedsvandring_henvisning.ppt\"  target=\"_blank\" title=\"Tryghedsvandring_henvisning.ppt download\" >\r\n        <img decoding=\"async\" class=\"download-from-files-icon\" src=\"https:\/\/www.baunegaardsvej.net\/wp\/wp-content\/plugins\/download-from-files\/assets\/images\/ppt.png\" \/>\r\n        Tryghedsvandring_henvisning.ppt\r\n    <\/a> \r\n    <small>(ppt, 877KB)<\/small>\r\n<\/li>\r\n\r\n            \r\n        <\/ul>\r\n    <\/div>\r\n<\/li><li>\r\n    <h5 class=\"download-from-files-folder-title\"><span class=\"dashicons dashicons-arrow-down-alt2\"><\/span>&nbsp;tinglysninger&nbsp;<small>[1]<\/small><\/h5>\r\n    <div class=\"folder-content\">\r\n        <ul class=\"download-from-files-folder \">\r\n            \r\n            \r\n            <li>\r\n    <a href=\"https:\/\/www.baunegaardsvej.net\/wp\/dokumenter\/dokumenter\/tinglysninger\/Tinglysningsbogen 11_07_1894.pdf\"  target=\"_blank\" title=\"Tinglysningsbogen 11_07_1894.pdf download\" >\r\n        <img decoding=\"async\" class=\"download-from-files-icon\" src=\"https:\/\/www.baunegaardsvej.net\/wp\/wp-content\/plugins\/download-from-files\/assets\/images\/pdf.png\" \/>\r\n        Tinglysningsbogen 11_07_1894.pdf\r\n    <\/a> \r\n    <small>(pdf, 99KB)<\/small>\r\n<\/li>\r\n\r\n            \r\n        <\/ul>\r\n    <\/div>\r\n<\/li><li>\r\n    <h5 class=\"download-from-files-folder-title\"><span class=\"dashicons dashicons-arrow-down-alt2\"><\/span>&nbsp;privatlivspolitik&nbsp;<small>[1]<\/small><\/h5>\r\n    <div class=\"folder-content\">\r\n        <ul class=\"download-from-files-folder \">\r\n            \r\n            \r\n            <li>\r\n    <a href=\"https:\/\/www.baunegaardsvej.net\/wp\/dokumenter\/dokumenter\/privatlivspolitik\/Ejerlavets Privatlivspolitik v10-05-2018.docx\"  target=\"_blank\" title=\"Ejerlavets Privatlivspolitik v10-05-2018.docx download\" >\r\n        <img decoding=\"async\" class=\"download-from-files-icon\" src=\"https:\/\/www.baunegaardsvej.net\/wp\/wp-content\/plugins\/download-from-files\/assets\/images\/doc.png\" \/>\r\n        Ejerlavets Privatlivspolitik v10-05-2018.docx\r\n    <\/a> \r\n    <small>(docx, 34KB)<\/small>\r\n<\/li>\r\n\r\n            \r\n        <\/ul>\r\n    <\/div>\r\n<\/li><li>\r\n    <h5 class=\"download-from-files-folder-title\"><span class=\"dashicons dashicons-arrow-down-alt2\"><\/span>&nbsp;prospekter&nbsp;<small>[4]<\/small><\/h5>\r\n    <div class=\"folder-content\">\r\n        <ul class=\"download-from-files-folder \">\r\n            \r\n            \r\n            <li>\r\n    <a href=\"https:\/\/www.baunegaardsvej.net\/wp\/dokumenter\/dokumenter\/prospekter\/prospekt_a.pdf\"  target=\"_blank\" title=\"prospekt_a.pdf download\" >\r\n        <img decoding=\"async\" class=\"download-from-files-icon\" src=\"https:\/\/www.baunegaardsvej.net\/wp\/wp-content\/plugins\/download-from-files\/assets\/images\/pdf.png\" \/>\r\n        prospekt_a.pdf\r\n    <\/a> \r\n    <small>(pdf, 484KB)<\/small>\r\n<\/li>\r\n<li>\r\n    <a href=\"https:\/\/www.baunegaardsvej.net\/wp\/dokumenter\/dokumenter\/prospekter\/prospekt_b.pdf\"  target=\"_blank\" title=\"prospekt_b.pdf download\" >\r\n        <img decoding=\"async\" class=\"download-from-files-icon\" src=\"https:\/\/www.baunegaardsvej.net\/wp\/wp-content\/plugins\/download-from-files\/assets\/images\/pdf.png\" \/>\r\n        prospekt_b.pdf\r\n    <\/a> \r\n    <small>(pdf, 238KB)<\/small>\r\n<\/li>\r\n<li>\r\n    <a href=\"https:\/\/www.baunegaardsvej.net\/wp\/dokumenter\/dokumenter\/prospekter\/prospekt_c.pdf\"  target=\"_blank\" title=\"prospekt_c.pdf download\" >\r\n        <img decoding=\"async\" class=\"download-from-files-icon\" src=\"https:\/\/www.baunegaardsvej.net\/wp\/wp-content\/plugins\/download-from-files\/assets\/images\/pdf.png\" \/>\r\n        prospekt_c.pdf\r\n    <\/a> \r\n    <small>(pdf, 447KB)<\/small>\r\n<\/li>\r\n<li>\r\n    <a href=\"https:\/\/www.baunegaardsvej.net\/wp\/dokumenter\/dokumenter\/prospekter\/prospekt_d.pdf\"  target=\"_blank\" title=\"prospekt_d.pdf download\" >\r\n        <img decoding=\"async\" class=\"download-from-files-icon\" src=\"https:\/\/www.baunegaardsvej.net\/wp\/wp-content\/plugins\/download-from-files\/assets\/images\/pdf.png\" \/>\r\n        prospekt_d.pdf\r\n    <\/a> \r\n    <small>(pdf, 492KB)<\/small>\r\n<\/li>\r\n\r\n            \r\n        <\/ul>\r\n    <\/div>\r\n<\/li><li>\r\n    <h5 class=\"download-from-files-folder-title\"><span class=\"dashicons dashicons-arrow-down-alt2\"><\/span>&nbsp;deklarationer&nbsp;<small>[10]<\/small><\/h5>\r\n    <div class=\"folder-content\">\r\n        <ul class=\"download-from-files-folder \">\r\n            \r\n            \r\n            <li>\r\n    <a href=\"https:\/\/www.baunegaardsvej.net\/wp\/dokumenter\/dokumenter\/deklarationer\/Deklaration 02_01_1970_s1.pdf\"  target=\"_blank\" title=\"Deklaration 02_01_1970_s1.pdf download\" >\r\n        <img decoding=\"async\" class=\"download-from-files-icon\" src=\"https:\/\/www.baunegaardsvej.net\/wp\/wp-content\/plugins\/download-from-files\/assets\/images\/pdf.png\" \/>\r\n        Deklaration 02_01_1970_s1.pdf\r\n    <\/a> \r\n    <small>(pdf, 333KB)<\/small>\r\n<\/li>\r\n<li>\r\n    <a href=\"https:\/\/www.baunegaardsvej.net\/wp\/dokumenter\/dokumenter\/deklarationer\/Deklaration 02_01_1970_s2.pdf\"  target=\"_blank\" title=\"Deklaration 02_01_1970_s2.pdf download\" >\r\n        <img decoding=\"async\" class=\"download-from-files-icon\" src=\"https:\/\/www.baunegaardsvej.net\/wp\/wp-content\/plugins\/download-from-files\/assets\/images\/pdf.png\" \/>\r\n        Deklaration 02_01_1970_s2.pdf\r\n    <\/a> \r\n    <small>(pdf, 289KB)<\/small>\r\n<\/li>\r\n<li>\r\n    <a href=\"https:\/\/www.baunegaardsvej.net\/wp\/dokumenter\/dokumenter\/deklarationer\/Deklaration 02_01_1970_s3.pdf\"  target=\"_blank\" title=\"Deklaration 02_01_1970_s3.pdf download\" >\r\n        <img decoding=\"async\" class=\"download-from-files-icon\" src=\"https:\/\/www.baunegaardsvej.net\/wp\/wp-content\/plugins\/download-from-files\/assets\/images\/pdf.png\" \/>\r\n        Deklaration 02_01_1970_s3.pdf\r\n    <\/a> \r\n    <small>(pdf, 262KB)<\/small>\r\n<\/li>\r\n<li>\r\n    <a href=\"https:\/\/www.baunegaardsvej.net\/wp\/dokumenter\/dokumenter\/deklarationer\/Deklaration 15_03_1935_s1.pdf\"  target=\"_blank\" title=\"Deklaration 15_03_1935_s1.pdf download\" >\r\n        <img decoding=\"async\" class=\"download-from-files-icon\" src=\"https:\/\/www.baunegaardsvej.net\/wp\/wp-content\/plugins\/download-from-files\/assets\/images\/pdf.png\" \/>\r\n        Deklaration 15_03_1935_s1.pdf\r\n    <\/a> \r\n    <small>(pdf, 264KB)<\/small>\r\n<\/li>\r\n<li>\r\n    <a href=\"https:\/\/www.baunegaardsvej.net\/wp\/dokumenter\/dokumenter\/deklarationer\/Deklaration 15_03_1935_s2.pdf\"  target=\"_blank\" title=\"Deklaration 15_03_1935_s2.pdf download\" >\r\n        <img decoding=\"async\" class=\"download-from-files-icon\" src=\"https:\/\/www.baunegaardsvej.net\/wp\/wp-content\/plugins\/download-from-files\/assets\/images\/pdf.png\" \/>\r\n        Deklaration 15_03_1935_s2.pdf\r\n    <\/a> \r\n    <small>(pdf, 232KB)<\/small>\r\n<\/li>\r\n<li>\r\n    <a href=\"https:\/\/www.baunegaardsvej.net\/wp\/dokumenter\/dokumenter\/deklarationer\/Deklaration 15_03_1935_s3.pdf\"  target=\"_blank\" title=\"Deklaration 15_03_1935_s3.pdf download\" >\r\n        <img decoding=\"async\" class=\"download-from-files-icon\" src=\"https:\/\/www.baunegaardsvej.net\/wp\/wp-content\/plugins\/download-from-files\/assets\/images\/pdf.png\" \/>\r\n        Deklaration 15_03_1935_s3.pdf\r\n    <\/a> \r\n    <small>(pdf, 163KB)<\/small>\r\n<\/li>\r\n<li>\r\n    <a href=\"https:\/\/www.baunegaardsvej.net\/wp\/dokumenter\/dokumenter\/deklarationer\/Deklaration 25_02_1969_s1.pdf\"  target=\"_blank\" title=\"Deklaration 25_02_1969_s1.pdf download\" >\r\n        <img decoding=\"async\" class=\"download-from-files-icon\" src=\"https:\/\/www.baunegaardsvej.net\/wp\/wp-content\/plugins\/download-from-files\/assets\/images\/pdf.png\" \/>\r\n        Deklaration 25_02_1969_s1.pdf\r\n    <\/a> \r\n    <small>(pdf, 259KB)<\/small>\r\n<\/li>\r\n<li>\r\n    <a href=\"https:\/\/www.baunegaardsvej.net\/wp\/dokumenter\/dokumenter\/deklarationer\/Deklaration 25_02_1969_s2.pdf\"  target=\"_blank\" title=\"Deklaration 25_02_1969_s2.pdf download\" >\r\n        <img decoding=\"async\" class=\"download-from-files-icon\" src=\"https:\/\/www.baunegaardsvej.net\/wp\/wp-content\/plugins\/download-from-files\/assets\/images\/pdf.png\" \/>\r\n        Deklaration 25_02_1969_s2.pdf\r\n    <\/a> \r\n    <small>(pdf, 426KB)<\/small>\r\n<\/li>\r\n<li>\r\n    <a href=\"https:\/\/www.baunegaardsvej.net\/wp\/dokumenter\/dokumenter\/deklarationer\/Deklaration 25_02_1969_s3.pdf\"  target=\"_blank\" title=\"Deklaration 25_02_1969_s3.pdf download\" >\r\n        <img decoding=\"async\" class=\"download-from-files-icon\" src=\"https:\/\/www.baunegaardsvej.net\/wp\/wp-content\/plugins\/download-from-files\/assets\/images\/pdf.png\" \/>\r\n        Deklaration 25_02_1969_s3.pdf\r\n    <\/a> \r\n    <small>(pdf, 216KB)<\/small>\r\n<\/li>\r\n<li>\r\n    <a href=\"https:\/\/www.baunegaardsvej.net\/wp\/dokumenter\/dokumenter\/deklarationer\/Deklaration 25_02_1969_s4.pdf\"  target=\"_blank\" title=\"Deklaration 25_02_1969_s4.pdf download\" >\r\n        <img decoding=\"async\" class=\"download-from-files-icon\" src=\"https:\/\/www.baunegaardsvej.net\/wp\/wp-content\/plugins\/download-from-files\/assets\/images\/pdf.png\" \/>\r\n        Deklaration 25_02_1969_s4.pdf\r\n    <\/a> \r\n    <small>(pdf, 255KB)<\/small>\r\n<\/li>\r\n\r\n            \r\n        <\/ul>\r\n    <\/div>\r\n<\/li>\r\n    \r\n    \r\n<\/ul><\/div>\n\n\n\n<p>Ligger du inde med noget der burde v\u00e6re her? S\u00e5 tag fat i et bestyrelsesmedlem og s\u00e5 hj\u00e6lper vi dig med det.<\/p>\n","protected":false},"excerpt":{"rendered":"<p>Her er en r\u00e6kke dokumenter om vores omr\u00e5de samlet ind i tidens l\u00f8b af omr\u00e5dets tidligere og nuv\u00e6rende beboere: Ligger du inde med noget der burde v\u00e6re her? S\u00e5 tag fat i et bestyrelsesmedlem og s\u00e5 hj\u00e6lper vi dig med [&hellip;]<\/p>\n","protected":false},"author":1,"featured_media":0,"parent":0,"menu_order":0,"comment_status":"closed","ping_status":"closed","template":"","meta":{"ngg_post_thumbnail":0,"footnotes":""},"_links":{"self":[{"href":"https:\/\/www.baunegaardsvej.net\/wp\/index.php?rest_route=\/wp\/v2\/pages\/416"}],"collection":[{"href":"https:\/\/www.baunegaardsvej.net\/wp\/index.php?rest_route=\/wp\/v2\/pages"}],"about":[{"href":"https:\/\/www.baunegaardsvej.net\/wp\/index.php?rest_route=\/wp\/v2\/types\/page"}],"author":[{"embeddable":true,"href":"https:\/\/www.baunegaardsvej.net\/wp\/index.php?rest_route=\/wp\/v2\/users\/1"}],"replies":[{"embeddable":true,"href":"https:\/\/www.baunegaardsvej.net\/wp\/index.php?rest_route=%2Fwp%2Fv2%2Fcomments&post=416"}],"version-history":[{"count":7,"href":"https:\/\/www.baunegaardsvej.net\/wp\/index.php?rest_route=\/wp\/v2\/pages\/416\/revisions"}],"predecessor-version":[{"id":489,"href":"https:\/\/www.baunegaardsvej.net\/wp\/index.php?rest_route=\/wp\/v2\/pages\/416\/revisions\/489"}],"wp:attachment":[{"href":"https:\/\/www.baunegaardsvej.net\/wp\/index.php?rest_route=%2Fwp%2Fv2%2Fmedia&parent=416"}],"curies":[{"name":"wp","href":"https:\/\/api.w.org\/{rel}","templated":true}]}}