{"id":3,"date":"2020-08-31T22:19:16","date_gmt":"2020-08-31T22:19:16","guid":{"rendered":"http:\/\/www.baunegaardsvej.net\/wp\/?page_id=3"},"modified":"2020-12-15T19:46:14","modified_gmt":"2020-12-15T19:46:14","slug":"privacy-policy","status":"publish","type":"page","link":"https:\/\/www.baunegaardsvej.net\/wp\/?page_id=3","title":{"rendered":"Privatlivspolitik"},"content":{"rendered":"\n<h2 class=\"wp-block-heading\">Ejerlavets dataansvar<\/h2>\n\n\n\n<p>Foreningen, som du er medlem af, behandler personoplysninger og har derfor vedtaget denne privatlivspolitik, der kort fort\u00e6ller dig, hvilke oplysninger, vi behandler, samt hvordan vi behandler dine personoplysninger. Dette for at sikre en fair og gennemsigtig behandling.<\/p>\n\n\n\n<p>Gennemg\u00e5ende for foreningens databehandling er, at foreningen kun behandler <strong>almindelige personoplysninger<\/strong> til bestemte foreningsrelaterede form\u00e5l og ud fra berettigede (legitime) interesser. Foreningen behandler med andre ord kun personoplysninger, der er relevante og n\u00f8dvendige til opfyldelse af foreningens angivne form\u00e5l.<\/p>\n\n\n\n<p>Dine oplysninger slettes, n\u00e5r de ikke l\u00e6ngere er n\u00f8dvendige.<\/p>\n\n\n\n<h3 class=\"wp-block-heading\"><strong>Kontaktoplysninger p\u00e5 den dataansvarlige<\/strong><\/h3>\n\n\n\n<p><strong>Ejerlavet <\/strong>er dataansvarlig, og foreningen sikrer, at dine personoplysninger behandles i overensstemmelse med lovgivningen. Til dette form\u00e5l har foreningen udpeget kassereren som dataansvarlig, der kan kontaktes, s\u00e5fremt du f.eks. har sp\u00f8rgsm\u00e5l.<\/p>\n\n\n\n<p>Kontaktoplysninger p\u00e5 foreningens dataansvarlige:<\/p>\n\n\n\n<p>Foreningens CVR-nr: &nbsp;38795783<\/p>\n\n\n\n<p>Kontaktperson \/ Formand: &nbsp;Christian Bruun<\/p>\n\n\n\n<p>Adresse: &nbsp;Bauneg\u00e5rdsvej 84<\/p>\n\n\n\n<p>Postnummer: &nbsp;7000 Fredericia<\/p>\n\n\n\n<p>Telefonnr.: &nbsp;20 67 77 24<\/p>\n\n\n\n<p>Mail: &nbsp;<a href=\"mailto:rock@billybruun.dk\">rock@billybruun.dk<\/a><\/p>\n\n\n\n<h3 class=\"wp-block-heading\">Behandling af personoplysninger<\/h3>\n\n\n\n<p>Foreningen behandler f\u00f8lgende personoplysninger:<\/p>\n\n\n\n<ul><li>Almindelige oplysninger p\u00e5 medlemmer:<ul><li>Husnr. og matrikelnr. p\u00e5 ejendommen<\/li><\/ul><ul><li>Navn p\u00e5 ejer(e)<\/li><\/ul><ul><li>Evt. ekstern postadresse<\/li><\/ul><ul><li>Evt. telefonnr.<\/li><\/ul><ul><li>Evt. e-mailadresse<\/li><\/ul><ul><li>Kontingent bel\u00f8b<\/li><\/ul><ul><li>Betaling<\/li><\/ul><ul><li>Betalingsdato<\/li><\/ul><\/li><\/ul>\n\n\n\n<h4 class=\"wp-block-heading\">Her indsamler foreningen oplysninger fra<\/h4>\n\n\n\n<p>Normalt f\u00e5r foreningen oplysningerne fra dig eller fra ejendomsformidlere p\u00e5 dine vegne.<\/p>\n\n\n\n<h4 class=\"wp-block-heading\"><strong>Foreningens form\u00e5l med behandling af dine personoplysninger<\/strong><\/h4>\n\n\n\n<p>Foreningen behandler kun dine personoplysninger til bestemte form\u00e5l, n\u00e5r foreningen har en lovlig grund.<\/p>\n\n\n\n<p>Lovlige grunde til behandling er s\u00e6rligt:<\/p>\n\n\n\n<ul><li>Foreningens berettigede (legitime) interesser i at behandle dine oplysninger<\/li><li>At det er n\u00f8dvendigt for at opfylde dit medlemskab af foreningen<\/li><li>Behandling, der m\u00e5tte f\u00f8lge af lovkrav<\/li><li>Behandling, der m\u00e5tte kr\u00e6ve n\u00e6rmere samtykke fra dig i den p\u00e5g\u00e6ldende situation.<\/li><\/ul>\n\n\n\n<p>Form\u00e5l med behandling af medlemsoplysninger:<\/p>\n\n\n\n<ul><li>Foreningens medlemsh\u00e5ndtering, herunder kontingentopkr\u00e6vning, indkaldelse til generalforsamling, udsendelse af generalforsamlingsreferat, afholdelse af Gr\u00f8n Dag og Skt. Hans aften.<\/li><li>Som led i foreningens aktiviteter<\/li><li>Administration af din relation til foreningen<\/li><\/ul>\n\n\n\n<h4 class=\"wp-block-heading\"><strong>Foreningen behandler kun personoplysninger ud fra legitime interesser<\/strong><\/h4>\n\n\n\n<p>I det omfang foreningen behandler dine medlemsoplysninger, vil denne behandling udelukkende v\u00e6re motiveret af berettigede (legitime) interesser som:<\/p>\n\n\n\n<ul><li>H\u00e5ndtering af dine medlemsrettigheder i henhold til foreningens pligter jf. vedt\u00e6gterne m.v., herunder i forhold til generalforsamling<\/li><li>Opfyldelse af medlemspligter, herunder opkr\u00e6vning af og registrering af betaling af kontingent, evt. forf\u00f8lgning af restancer, herunder retslig inkasso.<\/li><li>Videregivelse af <strong>almindelige personoplysninger<\/strong> til Parcelhusejernes Landsforening i relevant og n\u00f8dvendigt omfang i forbindelse med foreningens medlemskab heraf jf. databehandleraftale med Parcelhusejernes Landsforening.<\/li><li>Af praktiske og administrative hensyn, herunder bestemmelser i Regnskabslovgivningen, opbevarer vi dine almindelige medlemsoplysninger i en periode efter din udmeldelse af foreningen (se afsnittet opbevaring og sletning af dine personoplysninger).<\/li><\/ul>\n\n\n\n<h4 class=\"wp-block-heading\"><strong>Samtykke<\/strong><\/h4>\n\n\n\n<p>Foreningens behandling af dine personoplysninger baserer sig p\u00e5 et andet lovligt grundlag end samtykke.<\/p>\n\n\n\n<h4 class=\"wp-block-heading\"><strong>Videregivelse af dine personoplysninger<\/strong><\/h4>\n\n\n\n<p>Foreningen videregiver ikke personoplysninger til virksomheder til markedsf\u00f8ring. &nbsp;<\/p>\n\n\n\n<h4 class=\"wp-block-heading\"><strong>Opbevaring og sletning af dine personoplysninger<\/strong><\/h4>\n\n\n\n<p>Foreningen opbevarer dine personoplysninger i en periode fra medlemskabets oph\u00f8r og i overensstemmelse med f\u00f8lgende kriterier:<\/p>\n\n\n\n<ul><li>Af praktiske og administrative hensyn, herunder bestemmelser i Regnskabslovgivningen, opbevarer foreningen dine almindelige medlemsoplysninger i op til 5 \u00e5r efter kalender\u00e5ret for oph\u00f8r af medlemskab.<\/li><\/ul>\n\n\n\n<h4 class=\"wp-block-heading\"><strong>Dine rettigheder<\/strong><\/h4>\n\n\n\n<p>Du har en r\u00e6kke s\u00e6rlige rettigheder efter Persondataforordningen, n\u00e5r foreningen behandler personoplysninger om dig:<\/p>\n\n\n\n<ul><li>Retten til at blive oplyst om behandlingen af data<\/li><li>Retten til indsigt i egne personoplysninger<\/li><li>Retten til berigtigelse<\/li><li>Retten til sletning<\/li><li>Retten til begr\u00e6nsning af behandling<\/li><li>Retten til dataportabilitet (udlevering af data i et almindeligt anvendt format)<\/li><li>Retten til indsigelse<\/li><\/ul>\n\n\n\n<p>Du kan g\u00f8re brug af dine rettigheder, herunder g\u00f8re indsigelse mod foreningens behandling, ved at henvende dig til foreningens dataansvarlige. Den dataansvarliges kontaktoplysninger finder du \u00f8verst i dokumentet.&nbsp;<\/p>\n\n\n\n<p>Hvis du f.eks. henvender dig med en anmodning om at f\u00e5 rettet eller slettet dine personoplysninger, unders\u00f8ger foreningen, om betingelserne er opfyldt, og gennemf\u00f8rer i s\u00e5 fald de n\u00f8dvendige \u00e6ndringer eller sletning s\u00e5 hurtigt som muligt.<\/p>\n\n\n\n<p>Du kan altid indgive en klage til en databeskyttelsestilsynsmyndighed, f.eks. Datatilsynet.<\/p>\n\n\n\n<h4 class=\"wp-block-heading\"><strong>Revidering af privatlivspolitikken<\/strong><\/h4>\n\n\n\n<p>Foreningen forbeholder sig retten til at foretage \u00e6ndringer i n\u00e6rv\u00e6rende privatlivspolitik fra tid til anden.<\/p>\n\n\n\n<p>Ved \u00e6ndringer vil datoen \u00f8verst i privatlivspolitikken blive \u00e6ndret.<\/p>\n\n\n\n<p>Den til enhver tid g\u00e6ldende privatlivspolitik vil v\u00e6re tilg\u00e6ngelig p\u00e5 foreningens hjemmeside:&nbsp; <a href=\"http:\/\/www.baunegaardsvej.net\">www.baunegaardsvej.net<\/a><\/p>\n\n\n\n<p>Ved v\u00e6sentlige \u00e6ndringer vil du modtage meddelelse herom.&nbsp;<\/p>\n\n\n\n<p class=\"has-text-align-right\"><strong><em>Bauneg\u00e5rdens ejerlav <\/em><\/strong><\/p>\n\n\n\n<p class=\"has-text-align-right\">10\/5\/2018 revideret uden \u00e6ndringer 2019 og 2020<\/p>\n","protected":false},"excerpt":{"rendered":"<p>Ejerlavets dataansvar Foreningen, som du er medlem af, behandler personoplysninger og har derfor vedtaget denne privatlivspolitik, der kort fort\u00e6ller dig, hvilke oplysninger, vi behandler, samt hvordan vi behandler dine personoplysninger. Dette for at sikre en fair og gennemsigtig behandling. Gennemg\u00e5ende [&hellip;]<\/p>\n","protected":false},"author":1,"featured_media":0,"parent":0,"menu_order":0,"comment_status":"closed","ping_status":"open","template":"","meta":{"ngg_post_thumbnail":0,"footnotes":""},"_links":{"self":[{"href":"https:\/\/www.baunegaardsvej.net\/wp\/index.php?rest_route=\/wp\/v2\/pages\/3"}],"collection":[{"href":"https:\/\/www.baunegaardsvej.net\/wp\/index.php?rest_route=\/wp\/v2\/pages"}],"about":[{"href":"https:\/\/www.baunegaardsvej.net\/wp\/index.php?rest_route=\/wp\/v2\/types\/page"}],"author":[{"embeddable":true,"href":"https:\/\/www.baunegaardsvej.net\/wp\/index.php?rest_route=\/wp\/v2\/users\/1"}],"replies":[{"embeddable":true,"href":"https:\/\/www.baunegaardsvej.net\/wp\/index.php?rest_route=%2Fwp%2Fv2%2Fcomments&post=3"}],"version-history":[{"count":2,"href":"https:\/\/www.baunegaardsvej.net\/wp\/index.php?rest_route=\/wp\/v2\/pages\/3\/revisions"}],"predecessor-version":[{"id":22,"href":"https:\/\/www.baunegaardsvej.net\/wp\/index.php?rest_route=\/wp\/v2\/pages\/3\/revisions\/22"}],"wp:attachment":[{"href":"https:\/\/www.baunegaardsvej.net\/wp\/index.php?rest_route=%2Fwp%2Fv2%2Fmedia&parent=3"}],"curies":[{"name":"wp","href":"https:\/\/api.w.org\/{rel}","templated":true}]}}