{"id":273,"date":"2020-12-15T22:15:34","date_gmt":"2020-12-15T22:15:34","guid":{"rendered":"http:\/\/www.baunegaardsvej.net\/wp\/?page_id=273"},"modified":"2022-06-13T23:29:50","modified_gmt":"2022-06-13T23:29:50","slug":"vedtaegter","status":"publish","type":"page","link":"https:\/\/www.baunegaardsvej.net\/wp\/?page_id=273","title":{"rendered":"Vedt\u00e6gter"},"content":{"rendered":"\n<p class=\"has-medium-font-size\">for Bauneg\u00e5rdens Ejerlav<\/p>\n\n\n\n<p><strong>\u00a71<\/strong><\/p>\n\n\n\n<p>Foreningens NAVN er &#8220;BAUNEG\u00c5RDENS EJERLAV&#8221;.<\/p>\n\n\n\n<p><strong>\u00a72<\/strong><\/p>\n\n\n\n<p>Foreningens form\u00e5l er at varetage medlemmernes interesse i deres egenskab af grundejere overfor myndigheder og andre, samt at medvirke ved l\u00f8sninger af f\u00e6lles opgaver (herunder f\u00e6llesarea\u00adler). Foreningen er upolitisk.<\/p>\n\n\n\n<p><strong>\u00a73<\/strong><\/p>\n\n\n\n<p>Kontingent fasts\u00e6ttes af generalforsamlingen med samme bel\u00f8b pr. parcel.<\/p>\n\n\n\n<p><strong>\u00a74<\/strong><\/p>\n\n\n\n<p>Ordin\u00e6r generalforsamling afholdes \u00e5rligt inden udgangen af januar. Indkaldelsen af samtlige medlemmer sker via mail eller brev med mindst 14 dages varsel.<\/p>\n\n\n\n<p>Ordin\u00e6r generalforsamling har f\u00f8lgende dagsorden:<\/p>\n\n\n\n<ol type=\"1\"><li>Valg af dirigent<\/li><li>Beretning.<\/li><li>Regnskabsafl\u00e6ggelse.<\/li><li>Behandling af indkomne forslag.<\/li><li>Arbejdsplan og budgetter for det kommende \u00e5r.<\/li><li>Fasts\u00e6ttelse-af kontingent for \u00e5ret.<\/li><li>Valg af bestyrelsesmedlemmer og suppleanter.<\/li><li>Valg af revisor og revisorsuppleant.<\/li><li>Eventuelt<\/li><\/ol>\n\n\n\n<p><strong>\u00a75<\/strong><\/p>\n\n\n\n<ol type=\"1\"><li>Generalforsamlingen har den h\u00f8jeste myndighed i alle for\u00adeningens anliggender. Over generalforsamlingens beslutnin\u00adger f\u00f8res en protokol, der underskrives af dirigenten og bekendtg\u00f8res for medlemmerne.<\/li><li>P\u00e5 generalforsamlingen kan der afgives 1 stemme pr. parcel. Stemmeretten kan ved skriftlig fuldmagt overlades til en anden af parcelejerne.<\/li><li>Med nedenn\u00e6vnte undtagelser afg\u00f8res alle beslutninger ved simpel stemmeflerhed.<\/li><li>Beslutninger, hvorefter nogle medlemmers stilling forringes i forhold til \u00f8vrige medlemmer, er kun gyldige, s\u00e5fremt beslutningen tiltr\u00e6des af de medlemmer, hvis retsstillin\u00adgen forringes.<\/li><li>Beslutning om overladelse af brugsret af f\u00e6llesarealer til andre end medlemmerne og disses husstande kr\u00e6ver eenstem\u00admighed.<\/li><li>Til vedt\u00e6gts\u00e6ndringer kr\u00e6ves, at mindst 2\/3 af medlemmerne er til stede, og at mindst 2\/3 af de tilstedev\u00e6rende stem\u00admer for forslaget. Uanset om mindre end 2\/3 af medlemmerne er til stede, foretages afstemning. Hvis mindre end 2\/3 af de tilstedev\u00e6rende stemmer for forslaget, er dette forkas\u00adtet.<\/li><\/ol>\n\n\n\n<ul><li>Er generalforsamlingen ikke beslutningsdygtig afholdes der &#8211; med mindst 14 dages varsel &#8211; inden 8 uger en ekstraordi\u00adn\u00e6r generalforsamling, der er beslutningsdygtig, uanset det m\u00f8dte antal medlemmer, idet vedtagelse af vedt\u00e6gts\u00e6n\u00addring i s\u00e5 fald kr\u00e6ver, at mindst 2\/3 af de m\u00f8dte medlemmer stemmer for forslaget.<\/li><li>Ekstraordin\u00e6re generalforsamlinger kan indkaldes af besty\u00adrelsen med s\u00e6dvanlig varsel og skal indkaldes af denne, n\u00e5r 1\/3 af medlemmerne beg\u00e6rer dette samt frems\u00e6tter for\u00adslag til dagsordenen.<\/li><\/ul>\n\n\n\n<p><strong>\u00a76<\/strong><\/p>\n\n\n\n<p>Forslag, der \u00f8nskes behandlet p\u00e5 en generalforsamling, skal sendes til formanden, hvem de skal v\u00e6re i h\u00e6nde senest 8 dage f\u00f8r generalforsamlingen.<\/p>\n\n\n\n<p><strong>\u00a77<\/strong><\/p>\n\n\n\n<p>Dirigenten leder generalforsamlingen og afg\u00f8r, hvorledes afstem\u00adninger finder sted. &#8211; Ethvert medlem er dog berettiget til at kr\u00e6ve skriftlig afstemning.<\/p>\n\n\n\n<p><strong>\u00a78<\/strong><\/p>\n\n\n\n<p>Bestyrelsen, der v\u00e6lges af generalforsamlingen, best\u00e5r af 5 medlemmer.<\/p>\n\n\n\n<p>Alle valg g\u00e6lder for 2 \u00e5r, og bestyrelsen konstituerer sig selv med formand, n\u00e6stformand og kasserer.<\/p>\n\n\n\n<p>Bestyrelsen varetager foreningens daglige ledelse og udf\u00f8rer generalforsamlingens beslutninger.<\/p>\n\n\n\n<p>Bestyrelsen indkaldes af formanden eller af 2 bestyrelsesmed\u00adlemmer.<\/p>\n\n\n\n<p>Udebliver et bestyrelsesmedlem fra tre p\u00e5 hinanden f\u00f8lgende m\u00f8der uden lovlig grund, erstattes vedkommende som bestyrelses\u00admedlem. I s\u00e5 fald indtr\u00e6der suppleanten indtil f\u00f8rstkommende ordin\u00e6re generalforsamling, hvilket ligeledes g\u00e6lder, s\u00e5fremt et bestyrelsesmedlem udtr\u00e6der i en valgperiode.<\/p>\n\n\n\n<p>Bestyrelsen fastl\u00e6gger selv sin forretningsorden og f\u00f8rer pro\u00adtokol over bestyrelsesm\u00f8der.<\/p>\n\n\n\n<p><strong>\u00a79<\/strong><\/p>\n\n\n\n<p>Alle henvendelser sendes til formanden, der skal forel\u00e6gge dem p\u00e5 det n\u00e6stf\u00f8lgende bestyrelsesm\u00f8de.<\/p>\n\n\n\n<p><strong>\u00a71O<\/strong><\/p>\n\n\n\n<p>Kassereren f\u00f8rer medlemsliste og foretager alle indkasseringer og udbetalinger.<\/p>\n\n\n\n<p>Kontingenterne indbetales p\u00e5 foreningens bank- eller postgiro\u00adkonto.<\/p>\n\n\n\n<p>I regnskabet f\u00f8res s\u00e6rskilte konti for de forskellige udgifter. Der kan disponeres over Ejerlavets kassebeholdninger af kasse\u00adreren.<\/p>\n\n\n\n<p><strong>\u00a711<\/strong><\/p>\n\n\n\n<p>Kassereren freml\u00e6gger regnskabet for revisoren senest 1 uge f\u00f8r generalforsamlingen.<\/p>\n\n\n\n<p>Revisoren har ret til at foretage uanmeldt revision.<\/p>\n\n\n\n<p>Vedt\u00e6gterne er vedtaget p\u00e5 ekstraordin\u00e6r generalforsamling 2021.08.28, og hermed er er vedt\u00e6gterne fra 1990.03.01 annullereret.<\/p>\n","protected":false},"excerpt":{"rendered":"<p>for Bauneg\u00e5rdens Ejerlav \u00a71 Foreningens NAVN er &#8220;BAUNEG\u00c5RDENS EJERLAV&#8221;. \u00a72 Foreningens form\u00e5l er at varetage medlemmernes interesse i deres egenskab af grundejere overfor myndigheder og andre, samt at medvirke ved l\u00f8sninger af f\u00e6lles opgaver (herunder f\u00e6llesarea\u00adler). Foreningen er upolitisk. \u00a73 [&hellip;]<\/p>\n","protected":false},"author":1,"featured_media":0,"parent":0,"menu_order":0,"comment_status":"closed","ping_status":"closed","template":"","meta":{"ngg_post_thumbnail":0,"footnotes":""},"_links":{"self":[{"href":"https:\/\/www.baunegaardsvej.net\/wp\/index.php?rest_route=\/wp\/v2\/pages\/273"}],"collection":[{"href":"https:\/\/www.baunegaardsvej.net\/wp\/index.php?rest_route=\/wp\/v2\/pages"}],"about":[{"href":"https:\/\/www.baunegaardsvej.net\/wp\/index.php?rest_route=\/wp\/v2\/types\/page"}],"author":[{"embeddable":true,"href":"https:\/\/www.baunegaardsvej.net\/wp\/index.php?rest_route=\/wp\/v2\/users\/1"}],"replies":[{"embeddable":true,"href":"https:\/\/www.baunegaardsvej.net\/wp\/index.php?rest_route=%2Fwp%2Fv2%2Fcomments&post=273"}],"version-history":[{"count":3,"href":"https:\/\/www.baunegaardsvej.net\/wp\/index.php?rest_route=\/wp\/v2\/pages\/273\/revisions"}],"predecessor-version":[{"id":533,"href":"https:\/\/www.baunegaardsvej.net\/wp\/index.php?rest_route=\/wp\/v2\/pages\/273\/revisions\/533"}],"wp:attachment":[{"href":"https:\/\/www.baunegaardsvej.net\/wp\/index.php?rest_route=%2Fwp%2Fv2%2Fmedia&parent=273"}],"curies":[{"name":"wp","href":"https:\/\/api.w.org\/{rel}","templated":true}]}}